{"id":40,"date":"2025-04-10T06:56:48","date_gmt":"2025-04-10T06:56:48","guid":{"rendered":"https:\/\/berkerbuyukgural.com\/?page_id=40"},"modified":"2026-04-24T16:10:29","modified_gmt":"2026-04-24T16:10:29","slug":"hizmetlerimiz","status":"publish","type":"page","link":"https:\/\/berkerbuyukgural.com\/en\/hizmetlerimiz\/","title":{"rendered":"Hizmetlerimiz"},"content":{"rendered":"<div data-elementor-type=\"wp-page\" data-elementor-id=\"40\" class=\"elementor elementor-40\" data-elementor-post-type=\"page\">\n\t\t\t\t<div class=\"elementor-element elementor-element-67fe9df wdt-no-full-section e-flex e-con-boxed e-con e-parent\" data-id=\"67fe9df\" data-element_type=\"container\" data-e-type=\"container\">\n\t\t\t\t\t<div class=\"e-con-inner\">\n\t\t\t\t<div class=\"elementor-element elementor-element-ced8cfe elementor-widget__width-auto center center center elementor-widget elementor-widget-wdt-advanced-heading\" data-id=\"ced8cfe\" data-element_type=\"widget\" data-e-type=\"widget\" data-settings=\"{&quot;wdt_enable_inview_status&quot;:&quot;true&quot;,&quot;wdt_animation_effect&quot;:&quot;none&quot;}\" data-widget_type=\"wdt-advanced-heading.default\">\n\t\t\t\t<div class=\"elementor-widget-container\">\n\t\t\t\t\t<div class=\"wdt-heading-holder\" data-id=\"ced8cfe\"><div class=\"wdt-subheading-content-wrapper\"><span class=\"wdt-subheading charsplit-ced8cfe\">hizmetlerimiz<\/span><\/div><div class=\"wdt-heading-title-wrapper\"><h2><span class=\"wdt-heading-title charsplit-ced8cfe\">Estetik tasar\u0131m; bilimsel yenilikler, tecr\u00fcbe ve ayr\u0131nt\u0131l\u0131 bir analiz ile m\u00fcmk\u00fcnd\u00fcr.<\/span><\/h2><\/div><\/div>\t\t\t\t<\/div>\n\t\t\t\t<\/div>\n\t\t\t\t<div class=\"elementor-element elementor-element-8ceac44 animated-fast elementor-invisible elementor-widget elementor-widget-dt-service-list\" data-id=\"8ceac44\" data-element_type=\"widget\" data-e-type=\"widget\" data-settings=\"{&quot;columns&quot;:&quot;3&quot;,&quot;columns_laptop&quot;:&quot;3&quot;,&quot;columns_tablet_extra&quot;:&quot;3&quot;,&quot;columns_mobile_extra&quot;:&quot;1&quot;,&quot;_animation&quot;:&quot;fadeInUp&quot;,&quot;_animation_delay&quot;:&quot;200&quot;,&quot;columns_tablet&quot;:2,&quot;columns_mobile&quot;:1,&quot;wdt_animation_effect&quot;:&quot;none&quot;}\" data-widget_type=\"dt-service-list.default\">\n\t\t\t\t<div class=\"elementor-widget-container\">\n\t\t\t\t\t<div class=\"dt-services-item-holder dt-content-item-holder dt-column-holder dt-services-list\" id=\"dt-services-item-8ceac44\" data-settings=\"\"><div class=\"dt-column-wrapper dt-column-gap-custom\" data-column-settings=\"\" data-module-id=\"dt-module-id-8ceac44\" id=\"dt-module-id-8ceac44\"><div class=\"dt-sc-service-item dt-column\"><div class=\"dt-sc-content-item\"><div class=\"dt-sc-content-media-group\"><div class=\"dt-sc-content-elements-group\"><div class=\"dt-sc-service-list-image\"><img fetchpriority=\"high\" decoding=\"async\" width=\"1500\" height=\"1020\" src=\"https:\/\/berkerbuyukgural.com\/wp-content\/uploads\/2026\/04\/Nose-Shaping-Service-Image.jpg\" class=\"attachment-full size-full wp-post-image\" alt=\"Rinoplasti (Burun Esteti\u011fi)\" title=\"Rinoplasti (Burun Esteti\u011fi)\" srcset=\"https:\/\/berkerbuyukgural.com\/wp-content\/uploads\/2026\/04\/Nose-Shaping-Service-Image.jpg 1500w, https:\/\/berkerbuyukgural.com\/wp-content\/uploads\/2026\/04\/Nose-Shaping-Service-Image-300x204.jpg 300w, https:\/\/berkerbuyukgural.com\/wp-content\/uploads\/2026\/04\/Nose-Shaping-Service-Image-1024x696.jpg 1024w, https:\/\/berkerbuyukgural.com\/wp-content\/uploads\/2026\/04\/Nose-Shaping-Service-Image-768x522.jpg 768w, https:\/\/berkerbuyukgural.com\/wp-content\/uploads\/2026\/04\/Nose-Shaping-Service-Image-1000x680.jpg 1000w\" sizes=\"(max-width: 1500px) 100vw, 1500px\" \/><\/div><\/div><\/div><div class=\"dt-sc-content-detail-group service-details\"><div class=\"dt-sc-content-icon\"><\/div><div class=\"dt-sc-content-title\"><h4 class=\"dt-sc-service-title\"><a href=\"https:\/\/berkerbuyukgural.com\/en\/dt_service\/rinoplasti-burun-estetigi\/\" title=\"Rinoplasti (Burun Esteti\u011fi)\">Rinoplasti (Burun Esteti\u011fi)<\/a><\/h4><\/div><div class=\"dt-sc-content-description\"><p>Hayalinizdeki Burnu Ger\u00e7e\u011fe D\u00f6n\u00fc\u015ft\u00fcrmenin Yolu Burun, y\u00fcz\u00fcn merkezinde yer alan ve hem g\u00f6r\u00fcn\u00fcm\u00fcm\u00fcz\u00fc hem de nefes almay\u0131 do\u011frudan etkileyen en \u00f6nemli organlar\u0131m\u0131zdan biridir. Rinoplasti (burun esteti\u011fi), burun \u015feklini, boyutunu veya yap\u0131s\u0131n\u0131 de\u011fi\u015ftirerek hem estetik hem de fonksiyonel iyile\u015fme sa\u011flayan...<\/p><\/div><\/div><\/div><\/div><div class=\"dt-sc-service-item dt-column\"><div class=\"dt-sc-content-item\"><div class=\"dt-sc-content-media-group\"><div class=\"dt-sc-content-elements-group\"><div class=\"dt-sc-service-list-image\"><img decoding=\"async\" width=\"1200\" height=\"800\" src=\"https:\/\/berkerbuyukgural.com\/wp-content\/uploads\/2026\/04\/Alt-Goz-Kapagi-Ameliyati-Alt-Blefaroplasti-Nedir.webp\" class=\"attachment-full size-full wp-post-image\" alt=\"Alt G\u00f6z Kapa\u011f\u0131 Esteti\u011fi (Alt Blefaroplasti)\" title=\"Alt G\u00f6z Kapa\u011f\u0131 Esteti\u011fi (Alt Blefaroplasti)\" srcset=\"https:\/\/berkerbuyukgural.com\/wp-content\/uploads\/2026\/04\/Alt-Goz-Kapagi-Ameliyati-Alt-Blefaroplasti-Nedir.webp 1200w, https:\/\/berkerbuyukgural.com\/wp-content\/uploads\/2026\/04\/Alt-Goz-Kapagi-Ameliyati-Alt-Blefaroplasti-Nedir-300x200.webp 300w, https:\/\/berkerbuyukgural.com\/wp-content\/uploads\/2026\/04\/Alt-Goz-Kapagi-Ameliyati-Alt-Blefaroplasti-Nedir-1024x683.webp 1024w, https:\/\/berkerbuyukgural.com\/wp-content\/uploads\/2026\/04\/Alt-Goz-Kapagi-Ameliyati-Alt-Blefaroplasti-Nedir-768x512.webp 768w, https:\/\/berkerbuyukgural.com\/wp-content\/uploads\/2026\/04\/Alt-Goz-Kapagi-Ameliyati-Alt-Blefaroplasti-Nedir-1000x667.webp 1000w\" sizes=\"(max-width: 1200px) 100vw, 1200px\" \/><\/div><\/div><\/div><div class=\"dt-sc-content-detail-group service-details\"><div class=\"dt-sc-content-icon\"><\/div><div class=\"dt-sc-content-title\"><h4 class=\"dt-sc-service-title\"><a href=\"https:\/\/berkerbuyukgural.com\/en\/dt_service\/alt-goz-kapagi-estetigi-alt-blefaroplasti\/\" title=\"Alt G\u00f6z Kapa\u011f\u0131 Esteti\u011fi (Alt Blefaroplasti)\">Alt G\u00f6z Kapa\u011f\u0131 Esteti\u011fi (Alt Blefaroplasti)<\/a><\/h4><\/div><div class=\"dt-sc-content-description\"><p>Gen\u00e7 ve Dinamik Bir Bak\u0131\u015f\u0131n S\u0131rr\u0131 G\u00f6z \u00e7evresi, y\u00fcz\u00fcn en hassas ve ya\u015flanmay\u0131 en erken g\u00f6steren b\u00f6lgesidir.\u2028Zamanla veya genetik fakt\u00f6rlerle g\u00f6z alt\u0131nda torbalanma, k\u0131r\u0131\u015f\u0131kl\u0131k, morluk ve cilt sarkmas\u0131 geli\u015febilir.\u2028Bu durum ki\u015fiye yorgun, uykusuz veya oldu\u011fundan ya\u015fl\u0131 bir ifade verebilir.\u2028Alt...<\/p><\/div><\/div><\/div><\/div><div class=\"dt-sc-service-item dt-column\"><div class=\"dt-sc-content-item\"><div class=\"dt-sc-content-media-group\"><div class=\"dt-sc-content-elements-group\"><div class=\"dt-sc-service-list-image\"><img decoding=\"async\" width=\"960\" height=\"540\" src=\"https:\/\/berkerbuyukgural.com\/wp-content\/uploads\/2026\/04\/chin-aesthetic-near-me.jpg\" class=\"attachment-full size-full wp-post-image\" alt=\"\u00c7ene Esteti\u011fi\" title=\"\u00c7ene Esteti\u011fi\" srcset=\"https:\/\/berkerbuyukgural.com\/wp-content\/uploads\/2026\/04\/chin-aesthetic-near-me.jpg 960w, https:\/\/berkerbuyukgural.com\/wp-content\/uploads\/2026\/04\/chin-aesthetic-near-me-300x169.jpg 300w, https:\/\/berkerbuyukgural.com\/wp-content\/uploads\/2026\/04\/chin-aesthetic-near-me-768x432.jpg 768w\" sizes=\"(max-width: 960px) 100vw, 960px\" \/><\/div><\/div><\/div><div class=\"dt-sc-content-detail-group service-details\"><div class=\"dt-sc-content-icon\"><\/div><div class=\"dt-sc-content-title\"><h4 class=\"dt-sc-service-title\"><a href=\"https:\/\/berkerbuyukgural.com\/en\/dt_service\/cene-estetigi\/\" title=\"\u00c7ene Esteti\u011fi\">\u00c7ene Esteti\u011fi<\/a><\/h4><\/div><div class=\"dt-sc-content-description\"><p>\u00c7ene Esteti\u011fi: Y\u00fcz Oranlar\u0131n\u0131 Yeniden Tan\u0131mlayan Sanat Y\u00fcz g\u00fczelli\u011fi yaln\u0131zca burun ya da dudakla s\u0131n\u0131rl\u0131 de\u011fil. \u00c7ene hatt\u0131, t\u00fcm y\u00fcz kompozisyonunun az bilinen ama belirleyici bir oyuncusudur. Bir \u00e7ene gerideyse, y\u00fcze \u201ckarars\u0131z\u201d bir ifade verir; fazlaca \u00f6ndeyse sert bir...<\/p><\/div><\/div><\/div><\/div><div class=\"dt-sc-service-item dt-column\"><div class=\"dt-sc-content-item\"><div class=\"dt-sc-content-media-group\"><div class=\"dt-sc-content-elements-group\"><div class=\"dt-sc-service-list-image\"><img loading=\"lazy\" decoding=\"async\" width=\"800\" height=\"499\" src=\"https:\/\/berkerbuyukgural.com\/wp-content\/uploads\/2026\/04\/gidi-aldirma-ameliyati.jpg\" class=\"attachment-full size-full wp-post-image\" alt=\"G\u0131d\u0131 Esteti\u011fi\" title=\"G\u0131d\u0131 Esteti\u011fi\" srcset=\"https:\/\/berkerbuyukgural.com\/wp-content\/uploads\/2026\/04\/gidi-aldirma-ameliyati.jpg 800w, https:\/\/berkerbuyukgural.com\/wp-content\/uploads\/2026\/04\/gidi-aldirma-ameliyati-300x187.jpg 300w, https:\/\/berkerbuyukgural.com\/wp-content\/uploads\/2026\/04\/gidi-aldirma-ameliyati-768x479.jpg 768w\" sizes=\"(max-width: 800px) 100vw, 800px\" \/><\/div><\/div><\/div><div class=\"dt-sc-content-detail-group service-details\"><div class=\"dt-sc-content-icon\"><\/div><div class=\"dt-sc-content-title\"><h4 class=\"dt-sc-service-title\"><a href=\"https:\/\/berkerbuyukgural.com\/en\/dt_service\/gidi-estetigi\/\" title=\"G\u0131d\u0131 Esteti\u011fi\">G\u0131d\u0131 Esteti\u011fi<\/a><\/h4><\/div><div class=\"dt-sc-content-description\"><p>\u00c7ene Alt\u0131 (Submental) Sorunlar\u0131na Klinik \u00c7\u00f6z\u00fcm (SmartLipo Odakl\u0131) G\u0131d\u0131 (submental b\u00f6lge) esteti\u011fi sadece kozmetik bir tercih de\u011fildir. Y\u00fcz profilinin dengesi, \u00e7ene hatt\u0131n\u0131n netli\u011fi ve ki\u015finin kendine g\u00fcveni do\u011frudan etkilenir. G\u0131d\u0131 \u00e7o\u011funlukla \u00fc\u00e7 ana fakt\u00f6r\u00fcn bile\u015fiminden kaynaklan\u0131r: k\u00fc\u00e7\u00fck\/geride \u00e7ene (retrognati),...<\/p><\/div><\/div><\/div><\/div><div class=\"dt-sc-service-item dt-column\"><div class=\"dt-sc-content-item\"><div class=\"dt-sc-content-media-group\"><div class=\"dt-sc-content-elements-group\"><div class=\"dt-sc-service-list-image\"><img loading=\"lazy\" decoding=\"async\" width=\"1920\" height=\"1420\" src=\"https:\/\/berkerbuyukgural.com\/wp-content\/uploads\/2026\/04\/Deep-plane-facelift-3.webp\" class=\"attachment-full size-full wp-post-image\" alt=\"Deep Plane Facelift (Derin Plan Y\u00fcz Germe)\" title=\"Deep Plane Facelift (Derin Plan Y\u00fcz Germe)\" srcset=\"https:\/\/berkerbuyukgural.com\/wp-content\/uploads\/2026\/04\/Deep-plane-facelift-3.webp 1920w, https:\/\/berkerbuyukgural.com\/wp-content\/uploads\/2026\/04\/Deep-plane-facelift-3-300x222.webp 300w, https:\/\/berkerbuyukgural.com\/wp-content\/uploads\/2026\/04\/Deep-plane-facelift-3-1024x757.webp 1024w, https:\/\/berkerbuyukgural.com\/wp-content\/uploads\/2026\/04\/Deep-plane-facelift-3-768x568.webp 768w, https:\/\/berkerbuyukgural.com\/wp-content\/uploads\/2026\/04\/Deep-plane-facelift-3-1536x1136.webp 1536w, https:\/\/berkerbuyukgural.com\/wp-content\/uploads\/2026\/04\/Deep-plane-facelift-3-1000x740.webp 1000w\" sizes=\"(max-width: 1920px) 100vw, 1920px\" \/><\/div><\/div><\/div><div class=\"dt-sc-content-detail-group service-details\"><div class=\"dt-sc-content-icon\"><\/div><div class=\"dt-sc-content-title\"><h4 class=\"dt-sc-service-title\"><a href=\"https:\/\/berkerbuyukgural.com\/en\/dt_service\/deep-plane-facelift-derin-plan-yuz-germe\/\" title=\"Deep Plane Facelift (Derin Plan Y\u00fcz Germe)\">Deep Plane Facelift (Derin Plan Y\u00fcz Germe)<\/a><\/h4><\/div><div class=\"dt-sc-content-description\"><p>Do\u011fal ve Kal\u0131c\u0131 Gen\u00e7lik Etkisi Y\u00fcz ya\u015flanmas\u0131; genetik, stres, yer\u00e7ekimi ve \u00e7evresel fakt\u00f6rlerin bir araya gelmesiyle olu\u015fur. Cilt elastikiyetini kaybettik\u00e7e y\u00fcz hatlar\u0131 sarkar, yanaklar hacim kaybeder, a\u011f\u0131z ve \u00e7ene \u00e7evresinde k\u0131r\u0131\u015f\u0131kl\u0131klar derinle\u015fir.\u2028Deep Plane Facelift (Derin Plan Y\u00fcz Germe), bu...<\/p><\/div><\/div><\/div><\/div><div class=\"dt-sc-service-item dt-column\"><div class=\"dt-sc-content-item\"><div class=\"dt-sc-content-media-group\"><div class=\"dt-sc-content-elements-group\"><div class=\"dt-sc-service-list-image\"><img loading=\"lazy\" decoding=\"async\" width=\"527\" height=\"377\" src=\"https:\/\/berkerbuyukgural.com\/wp-content\/uploads\/2026\/04\/Why-Should-You-Get-Brow-Lift-in-Turkey.jpg\" class=\"attachment-full size-full wp-post-image\" alt=\"Ka\u015f Kald\u0131rma (Brow Lift)\" title=\"Ka\u015f Kald\u0131rma (Brow Lift)\" srcset=\"https:\/\/berkerbuyukgural.com\/wp-content\/uploads\/2026\/04\/Why-Should-You-Get-Brow-Lift-in-Turkey.jpg 527w, https:\/\/berkerbuyukgural.com\/wp-content\/uploads\/2026\/04\/Why-Should-You-Get-Brow-Lift-in-Turkey-300x215.jpg 300w\" sizes=\"(max-width: 527px) 100vw, 527px\" \/><\/div><\/div><\/div><div class=\"dt-sc-content-detail-group service-details\"><div class=\"dt-sc-content-icon\"><\/div><div class=\"dt-sc-content-title\"><h4 class=\"dt-sc-service-title\"><a href=\"https:\/\/berkerbuyukgural.com\/en\/dt_service\/kas-kaldirma-brow-lift\/\" title=\"Ka\u015f Kald\u0131rma (Brow Lift)\">Ka\u015f Kald\u0131rma (Brow Lift)<\/a><\/h4><\/div><div class=\"dt-sc-content-description\"><p>Dinamik ve Gen\u00e7 Bir \u0130fadenin S\u0131rr\u0131 Y\u00fcz ifadelerimiz, duygular\u0131m\u0131z\u0131n aynas\u0131d\u0131r. Ancak zamanla cilt elastikiyetini kaybedip kaslar gev\u015fedik\u00e7e ka\u015flar d\u00fc\u015fmeye ba\u015flar. Bu durum, y\u00fcze yorgun ve \u00fczg\u00fcn bir ifade verir.\u2028Ka\u015f kald\u0131rma (brow lift) i\u015flemi, hem estetik hem de fonksiyonel a\u00e7\u0131dan...<\/p><\/div><\/div><\/div><\/div><div class=\"dt-sc-service-item dt-column\"><div class=\"dt-sc-content-item\"><div class=\"dt-sc-content-media-group\"><div class=\"dt-sc-content-elements-group\"><div class=\"dt-sc-service-list-image\"><img loading=\"lazy\" decoding=\"async\" width=\"800\" height=\"400\" src=\"https:\/\/berkerbuyukgural.com\/wp-content\/uploads\/2026\/04\/Kepce-Kulak-Ameliyati-Mersin-08-quqd22v7375tu089w401l4eed8if594e6fzwqbt674.jpg\" class=\"attachment-full size-full wp-post-image\" alt=\"Kulak Esteti\u011fi (Otoplasti)\" title=\"Kulak Esteti\u011fi (Otoplasti)\" srcset=\"https:\/\/berkerbuyukgural.com\/wp-content\/uploads\/2026\/04\/Kepce-Kulak-Ameliyati-Mersin-08-quqd22v7375tu089w401l4eed8if594e6fzwqbt674.jpg 800w, https:\/\/berkerbuyukgural.com\/wp-content\/uploads\/2026\/04\/Kepce-Kulak-Ameliyati-Mersin-08-quqd22v7375tu089w401l4eed8if594e6fzwqbt674-300x150.jpg 300w, https:\/\/berkerbuyukgural.com\/wp-content\/uploads\/2026\/04\/Kepce-Kulak-Ameliyati-Mersin-08-quqd22v7375tu089w401l4eed8if594e6fzwqbt674-768x384.jpg 768w\" sizes=\"(max-width: 800px) 100vw, 800px\" \/><\/div><\/div><\/div><div class=\"dt-sc-content-detail-group service-details\"><div class=\"dt-sc-content-icon\"><\/div><div class=\"dt-sc-content-title\"><h4 class=\"dt-sc-service-title\"><a href=\"https:\/\/berkerbuyukgural.com\/en\/dt_service\/kulak-estetigi-otoplasti\/\" title=\"Kulak Esteti\u011fi (Otoplasti)\">Kulak Esteti\u011fi (Otoplasti)<\/a><\/h4><\/div><div class=\"dt-sc-content-description\"><p>Oran, Denge ve Zarafet: Do\u011fal G\u00f6r\u00fcn\u00fcml\u00fc Kulaklar, Dengeli Bir Y\u00fcz Aynaya bakt\u0131\u011f\u0131n\u0131zda kulaklar\u0131n\u0131z\u0131n y\u00fcz\u00fcn\u00fczle orant\u0131l\u0131 olmad\u0131\u011f\u0131n\u0131 m\u0131 d\u00fc\u015f\u00fcn\u00fcyorsunuz?\u2028Belki kulaklar\u0131n\u0131z biraz \u00f6ne d\u00f6n\u00fck, belki de biri di\u011ferinden farkl\u0131 a\u00e7\u0131da duruyor.\u2028Kulak esteti\u011fi (otoplasti); kula\u011f\u0131n \u015fekil, a\u00e7\u0131 ve pozisyonunu y\u00fczle uyumlu hale...<\/p><\/div><\/div><\/div><\/div><div class=\"dt-sc-service-item dt-column\"><div class=\"dt-sc-content-item\"><div class=\"dt-sc-content-media-group\"><div class=\"dt-sc-content-elements-group\"><div class=\"dt-sc-service-list-image\"><img loading=\"lazy\" decoding=\"async\" width=\"888\" height=\"501\" src=\"https:\/\/berkerbuyukgural.com\/wp-content\/uploads\/2026\/04\/goz-kapagi-ameliyati-blefaroplasti.webp\" class=\"attachment-full size-full wp-post-image\" alt=\"G\u00f6z Kapa\u011f\u0131 Esteti\u011fi (\u00dcst Blefaroplasti)\" title=\"G\u00f6z Kapa\u011f\u0131 Esteti\u011fi (\u00dcst Blefaroplasti)\" srcset=\"https:\/\/berkerbuyukgural.com\/wp-content\/uploads\/2026\/04\/goz-kapagi-ameliyati-blefaroplasti.webp 888w, https:\/\/berkerbuyukgural.com\/wp-content\/uploads\/2026\/04\/goz-kapagi-ameliyati-blefaroplasti-300x169.webp 300w, https:\/\/berkerbuyukgural.com\/wp-content\/uploads\/2026\/04\/goz-kapagi-ameliyati-blefaroplasti-768x433.webp 768w\" sizes=\"(max-width: 888px) 100vw, 888px\" \/><\/div><\/div><\/div><div class=\"dt-sc-content-detail-group service-details\"><div class=\"dt-sc-content-icon\"><\/div><div class=\"dt-sc-content-title\"><h4 class=\"dt-sc-service-title\"><a href=\"https:\/\/berkerbuyukgural.com\/en\/dt_service\/goz-kapagi-estetigi-ust-blefaroplasti\/\" title=\"G\u00f6z Kapa\u011f\u0131 Esteti\u011fi (\u00dcst Blefaroplasti)\">G\u00f6z Kapa\u011f\u0131 Esteti\u011fi (\u00dcst Blefaroplasti)<\/a><\/h4><\/div><div class=\"dt-sc-content-description\"><p>Dinlenmi\u015f ve Gen\u00e7 Bak\u0131\u015flar\u0131n Anahtar\u0131 Zamanla g\u00f6z kapaklar\u0131nda sarkma, torbalanma ve cilt fazlal\u0131\u011f\u0131 olu\u015fur.\u2028Bu durum sadece estetik g\u00f6r\u00fcn\u00fcm\u00fc de\u011fil, g\u00f6rme alan\u0131n\u0131 da etkileyebilir.\u2028\u00dcst g\u00f6z kapa\u011f\u0131 esteti\u011fi (blefaroplasti), hem fonksiyonel hem estetik olarak g\u00f6z \u00e7evresini gen\u00e7le\u015ftirir ve bak\u0131\u015flara yeniden canl\u0131l\u0131k...<\/p><\/div><\/div><\/div><\/div><div class=\"dt-sc-service-item dt-column\"><div class=\"dt-sc-content-item\"><div class=\"dt-sc-content-media-group\"><div class=\"dt-sc-content-elements-group\"><div class=\"dt-sc-service-list-image\"><img loading=\"lazy\" decoding=\"async\" width=\"1332\" height=\"879\" src=\"https:\/\/berkerbuyukgural.com\/wp-content\/uploads\/2026\/04\/Tavsan-dudak.png\" class=\"attachment-full size-full wp-post-image\" alt=\"Dudak ve Damak Yar\u0131\u011f\u0131 Esteti\u011fi\" title=\"Dudak ve Damak Yar\u0131\u011f\u0131 Esteti\u011fi\" srcset=\"https:\/\/berkerbuyukgural.com\/wp-content\/uploads\/2026\/04\/Tavsan-dudak.png 1332w, https:\/\/berkerbuyukgural.com\/wp-content\/uploads\/2026\/04\/Tavsan-dudak-300x198.png 300w, https:\/\/berkerbuyukgural.com\/wp-content\/uploads\/2026\/04\/Tavsan-dudak-1024x676.png 1024w, https:\/\/berkerbuyukgural.com\/wp-content\/uploads\/2026\/04\/Tavsan-dudak-768x507.png 768w, https:\/\/berkerbuyukgural.com\/wp-content\/uploads\/2026\/04\/Tavsan-dudak-1000x660.png 1000w\" sizes=\"(max-width: 1332px) 100vw, 1332px\" \/><\/div><\/div><\/div><div class=\"dt-sc-content-detail-group service-details\"><div class=\"dt-sc-content-icon\"><\/div><div class=\"dt-sc-content-title\"><h4 class=\"dt-sc-service-title\"><a href=\"https:\/\/berkerbuyukgural.com\/en\/dt_service\/dudak-ve-damak-yarigi-estetigi\/\" title=\"Dudak ve Damak Yar\u0131\u011f\u0131 Esteti\u011fi\">Dudak ve Damak Yar\u0131\u011f\u0131 Esteti\u011fi<\/a><\/h4><\/div><div class=\"dt-sc-content-description\"><p>Dudak ve Damak Yar\u0131klar\u0131nda \u0130leri Ya\u015f Estetik D\u00fczeltme Operasyonlar\u0131 \u00c7ocuklukta Tedavi Edilen Ancak Ergenlikte veya Yeti\u015fkinlikte Estetik ve Fonksiyonel Olarak D\u00fczeltilebilen Durumlar Dudak ve damak yar\u0131klar\u0131, do\u011fumdan itibaren cerrahi olarak tedavi edilebilen do\u011fumsal deformitelerdir.\u2028Ancak ilk ameliyatlar \u00e7o\u011fu zaman fonksiyonel...<\/p><\/div><\/div><\/div><\/div><div class=\"dt-sc-service-item dt-column\"><div class=\"dt-sc-content-item\"><div class=\"dt-sc-content-media-group\"><div class=\"dt-sc-content-elements-group\"><div class=\"dt-sc-service-list-image\"><img loading=\"lazy\" decoding=\"async\" width=\"1200\" height=\"675\" src=\"https:\/\/berkerbuyukgural.com\/wp-content\/uploads\/2026\/04\/1293240-1200x675-1.webp\" class=\"attachment-full size-full wp-post-image\" alt=\"Dudak Yar\u0131\u011f\u0131 (Yar\u0131k Dudak) Esteti\u011fi\" title=\"Dudak Yar\u0131\u011f\u0131 (Yar\u0131k Dudak) Esteti\u011fi\" srcset=\"https:\/\/berkerbuyukgural.com\/wp-content\/uploads\/2026\/04\/1293240-1200x675-1.webp 1200w, https:\/\/berkerbuyukgural.com\/wp-content\/uploads\/2026\/04\/1293240-1200x675-1-300x169.webp 300w, https:\/\/berkerbuyukgural.com\/wp-content\/uploads\/2026\/04\/1293240-1200x675-1-1024x576.webp 1024w, https:\/\/berkerbuyukgural.com\/wp-content\/uploads\/2026\/04\/1293240-1200x675-1-768x432.webp 768w, https:\/\/berkerbuyukgural.com\/wp-content\/uploads\/2026\/04\/1293240-1200x675-1-1000x563.webp 1000w\" sizes=\"(max-width: 1200px) 100vw, 1200px\" \/><\/div><\/div><\/div><div class=\"dt-sc-content-detail-group service-details\"><div class=\"dt-sc-content-icon\"><\/div><div class=\"dt-sc-content-title\"><h4 class=\"dt-sc-service-title\"><a href=\"https:\/\/berkerbuyukgural.com\/en\/dt_service\/dudak-yarigi-yarik-dudak-estetigi\/\" title=\"Dudak Yar\u0131\u011f\u0131 (Yar\u0131k Dudak) Esteti\u011fi\">Dudak Yar\u0131\u011f\u0131 (Yar\u0131k Dudak) Esteti\u011fi<\/a><\/h4><\/div><div class=\"dt-sc-content-description\"><p>Do\u011fumdan Gelen Estetik ve Fonksiyonel Bir Sorunun \u00c7\u00f6z\u00fcm\u00fc Dudak yar\u0131\u011f\u0131, do\u011fum \u00f6ncesi d\u00f6nemde embriyonik geli\u015fim s\u0131ras\u0131nda dudak dokular\u0131n\u0131n tam olarak birle\u015fememesi sonucu ortaya \u00e7\u0131kan bir durumdur. T\u0131pta \u201ccheiloschisis\u201d olarak adland\u0131r\u0131l\u0131r. Tek tarafl\u0131 veya \u00e7ift tarafl\u0131 olabilir; bazen burun taban\u0131na...<\/p><\/div><\/div><\/div><\/div><div class=\"dt-sc-service-item dt-column\"><div class=\"dt-sc-content-item\"><div class=\"dt-sc-content-media-group\"><div class=\"dt-sc-content-elements-group\"><div class=\"dt-sc-service-list-image\"><img loading=\"lazy\" decoding=\"async\" width=\"1024\" height=\"768\" src=\"https:\/\/berkerbuyukgural.com\/wp-content\/uploads\/2026\/04\/yarik-damak-nedir-yarik-damak-tedavisi-jpg_1762165149.webp\" class=\"attachment-full size-full wp-post-image\" alt=\"Damak Yar\u0131\u011f\u0131 (Yar\u0131k Damak) Esteti\u011fi\" title=\"Damak Yar\u0131\u011f\u0131 (Yar\u0131k Damak) Esteti\u011fi\" srcset=\"https:\/\/berkerbuyukgural.com\/wp-content\/uploads\/2026\/04\/yarik-damak-nedir-yarik-damak-tedavisi-jpg_1762165149.webp 1024w, https:\/\/berkerbuyukgural.com\/wp-content\/uploads\/2026\/04\/yarik-damak-nedir-yarik-damak-tedavisi-jpg_1762165149-300x225.webp 300w, https:\/\/berkerbuyukgural.com\/wp-content\/uploads\/2026\/04\/yarik-damak-nedir-yarik-damak-tedavisi-jpg_1762165149-768x576.webp 768w, https:\/\/berkerbuyukgural.com\/wp-content\/uploads\/2026\/04\/yarik-damak-nedir-yarik-damak-tedavisi-jpg_1762165149-1000x750.webp 1000w\" sizes=\"(max-width: 1024px) 100vw, 1024px\" \/><\/div><\/div><\/div><div class=\"dt-sc-content-detail-group service-details\"><div class=\"dt-sc-content-icon\"><\/div><div class=\"dt-sc-content-title\"><h4 class=\"dt-sc-service-title\"><a href=\"https:\/\/berkerbuyukgural.com\/en\/dt_service\/damak-yarigi-yarik-damak-estetigi\/\" title=\"Damak Yar\u0131\u011f\u0131 (Yar\u0131k Damak) Esteti\u011fi\">Damak Yar\u0131\u011f\u0131 (Yar\u0131k Damak) Esteti\u011fi<\/a><\/h4><\/div><div class=\"dt-sc-content-description\"><p>Damak Yar\u0131\u011f\u0131 (Yar\u0131k Damak) Nedir? Fonksiyonel ve Estetik A\u00e7\u0131dan Tedavi Edilebilir Bir Do\u011fumsal Durum Damak yar\u0131\u011f\u0131, do\u011fum \u00f6ncesi d\u00f6nemde a\u011f\u0131z tavan\u0131n\u0131 olu\u015fturan dokular\u0131n tam olarak birle\u015fememesi sonucu ortaya \u00e7\u0131kan do\u011fu\u015ftan bir durumdur. T\u0131pta \u201cpalatoschisis\u201d olarak adland\u0131r\u0131l\u0131r.\u2028Tek ba\u015f\u0131na g\u00f6r\u00fclebilece\u011fi gibi...<\/p><\/div><\/div><\/div><\/div><\/div><\/div>\t\t\t\t<\/div>\n\t\t\t\t<\/div>\n\t\t\t\t\t<\/div>\n\t\t\t\t<\/div>\n\t\t\t\t<\/div>","protected":false},"excerpt":{"rendered":"<p>hizmetlerimiz Estetik tasar\u0131m; bilimsel yenilikler, tecr\u00fcbe ve ayr\u0131nt\u0131l\u0131 bir analiz ile m\u00fcmk\u00fcnd\u00fcr. Rinoplasti (Burun Esteti\u011fi) Hayalinizdeki Burnu Ger\u00e7e\u011fe D\u00f6n\u00fc\u015ft\u00fcrmenin Yolu Burun, y\u00fcz\u00fcn merkezinde yer alan ve hem g\u00f6r\u00fcn\u00fcm\u00fcm\u00fcz\u00fc hem de nefes almay\u0131 do\u011frudan etkileyen en \u00f6nemli organlar\u0131m\u0131zdan biridir. Rinoplasti (burun esteti\u011fi), burun \u015feklini, boyutunu veya yap\u0131s\u0131n\u0131 de\u011fi\u015ftirerek hem estetik hem de fonksiyonel iyile\u015fme sa\u011flayan&#8230; Alt [&hellip;]<\/p>","protected":false},"author":1,"featured_media":0,"parent":0,"menu_order":0,"comment_status":"closed","ping_status":"closed","template":"elementor_header_footer","meta":{"footnotes":""},"class_list":["post-40","page","type-page","status-publish","hentry"],"_hostinger_reach_plugin_has_subscription_block":false,"_hostinger_reach_plugin_is_elementor":false,"_links":{"self":[{"href":"https:\/\/berkerbuyukgural.com\/en\/wp-json\/wp\/v2\/pages\/40","targetHints":{"allow":["GET"]}}],"collection":[{"href":"https:\/\/berkerbuyukgural.com\/en\/wp-json\/wp\/v2\/pages"}],"about":[{"href":"https:\/\/berkerbuyukgural.com\/en\/wp-json\/wp\/v2\/types\/page"}],"author":[{"embeddable":true,"href":"https:\/\/berkerbuyukgural.com\/en\/wp-json\/wp\/v2\/users\/1"}],"replies":[{"embeddable":true,"href":"https:\/\/berkerbuyukgural.com\/en\/wp-json\/wp\/v2\/comments?post=40"}],"version-history":[{"count":8,"href":"https:\/\/berkerbuyukgural.com\/en\/wp-json\/wp\/v2\/pages\/40\/revisions"}],"predecessor-version":[{"id":2486,"href":"https:\/\/berkerbuyukgural.com\/en\/wp-json\/wp\/v2\/pages\/40\/revisions\/2486"}],"wp:attachment":[{"href":"https:\/\/berkerbuyukgural.com\/en\/wp-json\/wp\/v2\/media?parent=40"}],"curies":[{"name":"wp","href":"https:\/\/api.w.org\/{rel}","templated":true}]}}