{"id":42,"date":"2025-02-24T14:07:38","date_gmt":"2025-02-24T14:07:38","guid":{"rendered":"https:\/\/berkerbuyukgural.com\/?page_id=42"},"modified":"2026-04-23T16:04:46","modified_gmt":"2026-04-23T16:04:46","slug":"iletisim","status":"publish","type":"page","link":"https:\/\/berkerbuyukgural.com\/en\/iletisim\/","title":{"rendered":"\u0130leti\u015fim"},"content":{"rendered":"<div data-elementor-type=\"wp-page\" data-elementor-id=\"42\" class=\"elementor elementor-42\" data-elementor-post-type=\"page\">\n\t\t\t\t<div class=\"elementor-element elementor-element-79412ba wdt-no-full-section e-flex e-con-boxed e-con e-parent\" data-id=\"79412ba\" data-element_type=\"container\" data-e-type=\"container\">\n\t\t\t\t\t<div class=\"e-con-inner\">\n\t\t<div class=\"wdt-sticky-css-column elementor-element elementor-element-929054b e-con-full e-flex e-con e-child\" data-id=\"929054b\" data-element_type=\"container\" data-e-type=\"container\">\n\t\t\t\t<div class=\"elementor-element elementor-element-7b7cb05 start start start elementor-widget elementor-widget-wdt-advanced-heading\" data-id=\"7b7cb05\" data-element_type=\"widget\" data-e-type=\"widget\" data-settings=\"{&quot;wdt_enable_inview_status&quot;:&quot;true&quot;,&quot;wdt_animation_effect&quot;:&quot;none&quot;}\" data-widget_type=\"wdt-advanced-heading.default\">\n\t\t\t\t<div class=\"elementor-widget-container\">\n\t\t\t\t\t<div class=\"wdt-heading-holder\" data-id=\"7b7cb05\"><div class=\"wdt-subheading-content-wrapper\"><span class=\"wdt-subheading charsplit-7b7cb05\">\u0130LET\u0130\u015e\u0130M<\/span><\/div><div class=\"wdt-heading-title-wrapper\"><h2><span class=\"wdt-heading-title charsplit-7b7cb05\">G\u00fczellik Hedeflerinizi Birlikte Planlayal\u0131m<\/span><\/h2><\/div><div class=\"wdt-heading-content-wrapper\"><div class=\"wdt-content-animation-default\"><p>Estetik dan\u0131\u015fmanl\u0131k, randevu ve t\u00fcm sorular\u0131n\u0131z i\u00e7in bizimle ileti\u015fime ge\u00e7ebilirsiniz.\nUzman ekibimiz, ihtiya\u00e7lar\u0131n\u0131za en uygun s\u00fcreci planlamak i\u00e7in size memnuniyetle destek olur.<\/p><\/div><\/div><\/div>\t\t\t\t<\/div>\n\t\t\t\t<\/div>\n\t\t\t\t<div class=\"elementor-element elementor-element-229b80a start wdt-contact-info-style wdt-contact-info-style-alter animated-fast elementor-invisible elementor-widget elementor-widget-wdt-icon-box\" data-id=\"229b80a\" data-element_type=\"widget\" data-e-type=\"widget\" data-settings=\"{&quot;_animation&quot;:&quot;fadeInUp&quot;,&quot;_animation_delay&quot;:&quot;200&quot;,&quot;columns_tablet_extra&quot;:&quot;1&quot;,&quot;columns&quot;:2,&quot;columns_laptop&quot;:2,&quot;columns_tablet&quot;:2,&quot;columns_mobile_extra&quot;:1,&quot;columns_mobile&quot;:1,&quot;carousel_arrows_prev_arrow_vertical_align&quot;:&quot;flex-start&quot;,&quot;carousel_arrows_prev_arrow_vertical_top_indent&quot;:{&quot;unit&quot;:&quot;%&quot;,&quot;size&quot;:&quot;&quot;,&quot;sizes&quot;:[]},&quot;carousel_arrows_prev_arrow_vertical_top_indent_laptop&quot;:{&quot;unit&quot;:&quot;px&quot;,&quot;size&quot;:&quot;&quot;,&quot;sizes&quot;:[]},&quot;carousel_arrows_prev_arrow_vertical_top_indent_tablet_extra&quot;:{&quot;unit&quot;:&quot;px&quot;,&quot;size&quot;:&quot;&quot;,&quot;sizes&quot;:[]},&quot;carousel_arrows_prev_arrow_vertical_top_indent_tablet&quot;:{&quot;unit&quot;:&quot;%&quot;,&quot;size&quot;:&quot;&quot;,&quot;sizes&quot;:[]},&quot;carousel_arrows_prev_arrow_vertical_top_indent_mobile_extra&quot;:{&quot;unit&quot;:&quot;px&quot;,&quot;size&quot;:&quot;&quot;,&quot;sizes&quot;:[]},&quot;carousel_arrows_prev_arrow_vertical_top_indent_mobile&quot;:{&quot;unit&quot;:&quot;%&quot;,&quot;size&quot;:&quot;&quot;,&quot;sizes&quot;:[]},&quot;carousel_arrows_prev_arrow_horizontal_left_indent&quot;:{&quot;unit&quot;:&quot;%&quot;,&quot;size&quot;:&quot;&quot;,&quot;sizes&quot;:[]},&quot;carousel_arrows_prev_arrow_horizontal_left_indent_laptop&quot;:{&quot;unit&quot;:&quot;px&quot;,&quot;size&quot;:&quot;&quot;,&quot;sizes&quot;:[]},&quot;carousel_arrows_prev_arrow_horizontal_left_indent_tablet_extra&quot;:{&quot;unit&quot;:&quot;px&quot;,&quot;size&quot;:&quot;&quot;,&quot;sizes&quot;:[]},&quot;carousel_arrows_prev_arrow_horizontal_left_indent_tablet&quot;:{&quot;unit&quot;:&quot;%&quot;,&quot;size&quot;:&quot;&quot;,&quot;sizes&quot;:[]},&quot;carousel_arrows_prev_arrow_horizontal_left_indent_mobile_extra&quot;:{&quot;unit&quot;:&quot;px&quot;,&quot;size&quot;:&quot;&quot;,&quot;sizes&quot;:[]},&quot;carousel_arrows_prev_arrow_horizontal_left_indent_mobile&quot;:{&quot;unit&quot;:&quot;%&quot;,&quot;size&quot;:&quot;&quot;,&quot;sizes&quot;:[]},&quot;carousel_arrows_next_arrow_vertical_align&quot;:&quot;flex-start&quot;,&quot;carousel_arrows_next_arrow_vertical_top_indent&quot;:{&quot;unit&quot;:&quot;%&quot;,&quot;size&quot;:&quot;&quot;,&quot;sizes&quot;:[]},&quot;carousel_arrows_next_arrow_vertical_top_indent_laptop&quot;:{&quot;unit&quot;:&quot;px&quot;,&quot;size&quot;:&quot;&quot;,&quot;sizes&quot;:[]},&quot;carousel_arrows_next_arrow_vertical_top_indent_tablet_extra&quot;:{&quot;unit&quot;:&quot;px&quot;,&quot;size&quot;:&quot;&quot;,&quot;sizes&quot;:[]},&quot;carousel_arrows_next_arrow_vertical_top_indent_tablet&quot;:{&quot;unit&quot;:&quot;%&quot;,&quot;size&quot;:&quot;&quot;,&quot;sizes&quot;:[]},&quot;carousel_arrows_next_arrow_vertical_top_indent_mobile_extra&quot;:{&quot;unit&quot;:&quot;px&quot;,&quot;size&quot;:&quot;&quot;,&quot;sizes&quot;:[]},&quot;carousel_arrows_next_arrow_vertical_top_indent_mobile&quot;:{&quot;unit&quot;:&quot;%&quot;,&quot;size&quot;:&quot;&quot;,&quot;sizes&quot;:[]},&quot;carousel_arrows_next_arrow_horizontal_left_indent&quot;:{&quot;unit&quot;:&quot;%&quot;,&quot;size&quot;:&quot;&quot;,&quot;sizes&quot;:[]},&quot;carousel_arrows_next_arrow_horizontal_left_indent_laptop&quot;:{&quot;unit&quot;:&quot;px&quot;,&quot;size&quot;:&quot;&quot;,&quot;sizes&quot;:[]},&quot;carousel_arrows_next_arrow_horizontal_left_indent_tablet_extra&quot;:{&quot;unit&quot;:&quot;px&quot;,&quot;size&quot;:&quot;&quot;,&quot;sizes&quot;:[]},&quot;carousel_arrows_next_arrow_horizontal_left_indent_tablet&quot;:{&quot;unit&quot;:&quot;%&quot;,&quot;size&quot;:&quot;&quot;,&quot;sizes&quot;:[]},&quot;carousel_arrows_next_arrow_horizontal_left_indent_mobile_extra&quot;:{&quot;unit&quot;:&quot;px&quot;,&quot;size&quot;:&quot;&quot;,&quot;sizes&quot;:[]},&quot;carousel_arrows_next_arrow_horizontal_left_indent_mobile&quot;:{&quot;unit&quot;:&quot;%&quot;,&quot;size&quot;:&quot;&quot;,&quot;sizes&quot;:[]},&quot;wdt_animation_effect&quot;:&quot;none&quot;}\" data-widget_type=\"wdt-icon-box.default\">\n\t\t\t\t<div class=\"elementor-widget-container\">\n\t\t\t\t\t<div class=\"wdt-icon-box-holder wdt-content-item-holder wdt-column-holder wdt-rc-template-custom-template\" id=\"wdt-icon-box-229b80a\" data-settings=\"\"><div class=\"wdt-column-wrapper wdt-column-gap-custom\" data-column-settings=\"\" data-module-id=\"wdt-module-id-229b80a\" id=\"wdt-module-id-229b80a\"><div class=\"wdt-column\"><div class=\"wdt-content-item\"><div class=\"wdt-content-media-group\"><div class=\"wdt-content-icon-wrapper\"><div class=\"wdt-content-icon\"><span><i><svg xmlns=\"http:\/\/www.w3.org\/2000\/svg\" viewbox=\"0 0 100 100\"><path d=\"M48.1,3.1c-19.3,1-34.6,16.9-34.6,36.4c0,8.2,2.7,15.8,7.3,21.9h0l24.7,33.2c2.2,3,6.7,3,8.9,0l24.7-33.2h0 c4.2-5.6,6.9-12.4,7.3-19.9C87.6,20,69.7,2,48.1,3.1z M70.9,39.6c0,11.5-9.3,20.9-20.9,20.9s-20.9-9.3-20.9-20.9S38.5,18.7,50,18.7 S70.9,28.1,70.9,39.6z\"><\/path><\/svg><\/i><\/span><\/div><\/div><div class=\"wdt-content-elements-group wdt-media-group\"><div class=\"wdt-content-subtitle\">Adres<\/div><div class=\"wdt-content-title\"><h5>Harbiye Mahallesi, Macka Street, Bronz Street, No: 1 Basari Apartment, K1 D5, 34367 Sisli \/ Istanbul<\/h5><\/div><\/div><\/div><\/div><\/div><div class=\"wdt-column\"><div class=\"wdt-content-item\"><div class=\"wdt-content-media-group\"><div class=\"wdt-content-icon-wrapper\"><div class=\"wdt-content-icon\"><a href=\"tel:0001234%2056789\" target=\"_blank\" rel=\"nofollow\" ><span><i><svg xmlns=\"http:\/\/www.w3.org\/2000\/svg\" xmlns:xlink=\"http:\/\/www.w3.org\/1999\/xlink\" x=\"0px\" y=\"0px\" viewbox=\"0 0 100 100\" style=\"enable-background:new 0 0 100 100;\" xml:space=\"preserve\"><path d=\"M54.8,70.6c-9.2-5.3-21-21.2-23.2-31.3c4.1-6.4,7.6-3.3,9.8-9.8c0.1-0.3,6.1-32.9-16.9-26.1 c-49.8,15.1,32.2,125.6,63.2,85.2c14.1-18.8-19.8-23.8-20.1-23.8C60.4,64.7,62.4,68.9,54.8,70.6z\"><\/path><\/svg><\/i><\/span><\/a><\/div><\/div><div class=\"wdt-content-elements-group wdt-media-group\"><div class=\"wdt-content-subtitle\">Telefon<\/div><div class=\"wdt-content-title\"><h5><a href=\"tel:0001234%2056789\" target=\"_blank\" rel=\"nofollow\" >+90(553)114 18 18<\/a><\/h5><\/div><\/div><\/div><\/div><\/div><div class=\"wdt-column\"><div class=\"wdt-content-item\"><div class=\"wdt-content-media-group\"><div class=\"wdt-content-icon-wrapper\"><div class=\"wdt-content-icon\"><a href=\"mailto:support@example.com\" target=\"_blank\" rel=\"nofollow\" ><span><i><svg xmlns=\"http:\/\/www.w3.org\/2000\/svg\" viewbox=\"0 0 100 100\"><path d=\"M97.2,15.5V85c0,0.6-0.7,0.9-1.1,0.5L61.4,50.7c-0.3-0.3-0.3-0.7,0-0.9L96.1,15C96.5,14.6,97.2,14.9,97.2,15.5L97.2,15.5z\"><\/path><path d=\"M38.6,50.7L3.9,85.4c-0.4,0.4-1.1,0.1-1.1-0.5V15.5c0-0.6,0.7-0.9,1.1-0.5l34.8,34.8C38.9,50,38.9,50.4,38.6,50.7z\"><\/path><path d=\"M93.2,89H6.8c-0.6,0-0.9-0.7-0.5-1.1l34.8-34.8c0.3-0.3,0.7-0.3,0.9,0l2.6,2.6c1.5,1.5,3.4,2.2,5.4,2.2  c2,0,3.9-0.7,5.4-2.2l2.6-2.6c0.3-0.3,0.7-0.3,0.9,0l34.8,34.8C94.1,88.3,93.8,89,93.2,89z\"><\/path><path d=\"M93.8,11c0.5,0,0.8,0.6,0.4,1l-37,37l-4.3,4.3c-1.6,1.6-4.3,1.6-5.9,0L5.8,12c-0.4-0.4-0.1-1,0.4-1  C16.7,11,83.3,11,93.8,11z\"><\/path><\/svg><\/i><\/span><\/a><\/div><\/div><div class=\"wdt-content-elements-group wdt-media-group\"><div class=\"wdt-content-subtitle\">E-mail<\/div><div class=\"wdt-content-title\"><h5><a href=\"mailto:support@example.com\" target=\"_blank\" rel=\"nofollow\" >berkerest@gmail.com<\/a><\/h5><\/div><\/div><\/div><\/div><\/div><\/div><\/div>\t\t\t\t<\/div>\n\t\t\t\t<\/div>\n\t\t\t\t<\/div>\n\t\t<div class=\"wdt-sticky-css-column elementor-element elementor-element-d5e6525 e-con-full e-flex e-con e-child\" data-id=\"d5e6525\" data-element_type=\"container\" data-e-type=\"container\">\n\t\t<div class=\"elementor-element elementor-element-75d6253 e-con-full e-flex e-con e-child\" data-id=\"75d6253\" data-element_type=\"container\" data-e-type=\"container\" data-settings=\"{&quot;background_background&quot;:&quot;classic&quot;}\">\n\t\t\t\t<div class=\"elementor-element elementor-element-864e714 start start start elementor-widget elementor-widget-wdt-advanced-heading\" data-id=\"864e714\" data-element_type=\"widget\" data-e-type=\"widget\" data-settings=\"{&quot;wdt_enable_inview_status&quot;:&quot;true&quot;,&quot;wdt_animation_effect&quot;:&quot;none&quot;}\" data-widget_type=\"wdt-advanced-heading.default\">\n\t\t\t\t<div class=\"elementor-widget-container\">\n\t\t\t\t\t<div class=\"wdt-heading-holder\" data-id=\"864e714\"><div class=\"wdt-heading-title-wrapper\"><h4><span class=\"wdt-heading-title charsplit-864e714\">Bizimle \u0130leti\u015fime Ge\u00e7in<\/span><\/h4><\/div><\/div>\t\t\t\t<\/div>\n\t\t\t\t<\/div>\n\t\t\t\t<div class=\"elementor-element elementor-element-aee00df elementor-widget__width-inherit elementor-widget-laptop__width-inherit elementor-widget-tablet_extra__width-inherit elementor-widget-tablet__width-inherit elementor-widget-mobile_extra__width-inherit elementor-widget elementor-widget-shortcode\" data-id=\"aee00df\" data-element_type=\"widget\" data-e-type=\"widget\" data-settings=\"{&quot;wdt_animation_effect&quot;:&quot;none&quot;}\" data-widget_type=\"shortcode.default\">\n\t\t\t\t\t\t\t<div class=\"elementor-shortcode\">\n<div class=\"wpcf7 no-js\" id=\"wpcf7-f240-o1\" lang=\"en-US\" dir=\"ltr\" data-wpcf7-id=\"240\">\n<div class=\"screen-reader-response\"><p role=\"status\" aria-live=\"polite\" aria-atomic=\"true\"><\/p> <ul><\/ul><\/div>\n<form action=\"\/en\/wp-json\/wp\/v2\/pages\/42#wpcf7-f240-o1\" method=\"post\" class=\"wpcf7-form init\" aria-label=\"Contact form\" novalidate=\"novalidate\" data-status=\"init\" data-trp-original-action=\"\/en\/wp-json\/wp\/v2\/pages\/42#wpcf7-f240-o1\">\n<fieldset class=\"hidden-fields-container\"><input type=\"hidden\" name=\"_wpcf7\" value=\"240\" \/><input type=\"hidden\" name=\"_wpcf7_version\" value=\"6.1.5\" \/><input type=\"hidden\" name=\"_wpcf7_locale\" value=\"en_US\" \/><input type=\"hidden\" name=\"_wpcf7_unit_tag\" value=\"wpcf7-f240-o1\" \/><input type=\"hidden\" name=\"_wpcf7_container_post\" value=\"0\" \/><input type=\"hidden\" name=\"_wpcf7_posted_data_hash\" value=\"\" \/>\n<\/fieldset>\n<div class=\"wdt-contact-form-a\">\n\t<div class=\"name\">\n\t\t<p><span class=\"wpcf7-form-control-wrap\" data-name=\"Your\"><input size=\"40\" maxlength=\"400\" class=\"wpcf7-form-control wpcf7-text wpcf7-validates-as-required\" aria-required=\"true\" aria-invalid=\"false\" placeholder=\"Enter Name *\" value=\"\" type=\"text\" name=\"Your\" \/><\/span>\n\t\t<\/p>\n\t<\/div>\n\t<div class=\"email\">\n\t\t<p><span class=\"wpcf7-form-control-wrap\" data-name=\"your-email\"><input size=\"40\" maxlength=\"400\" class=\"wpcf7-form-control wpcf7-email wpcf7-validates-as-required wpcf7-text wpcf7-validates-as-email\" aria-required=\"true\" aria-invalid=\"false\" placeholder=\"Enter Email Id *\" value=\"\" type=\"email\" name=\"your-email\" \/><\/span>\n\t\t<\/p>\n\t<\/div>\n\t<div class=\"date\">\n\t\t<p><span class=\"wpcf7-form-control-wrap\" data-name=\"text\"><input size=\"40\" maxlength=\"400\" class=\"wpcf7-form-control wpcf7-text wpcf7-validates-as-required wdtDateTimePicker\" aria-required=\"true\" aria-invalid=\"false\" placeholder=\"Date &amp; Time *\" value=\"\" type=\"text\" name=\"text\" \/><\/span><i class=\"wdticon-calendar-plus-o\" aria-hidden=\"true\"><\/i>\n\t\t<\/p>\n\t<\/div>\n\t<div class=\"treatment\">\n\t\t<p><span class=\"wpcf7-form-control-wrap\" data-name=\"first_as_label\"><select class=\"wpcf7-form-control wpcf7-select wpcf7-validates-as-required\" aria-required=\"true\" aria-invalid=\"false\" name=\"first_as_label\"><option value=\"Required Services\">Required Services<\/option><option value=\"Cheek Augmentation\">Cheek Augmentation<\/option><option value=\"Cosmetic Surgery\">Cosmetic Surgery<\/option><option value=\"Laser Facial Treatment\">Laser Facial Treatment<\/option><option value=\"Lip Augmentation\">Lip Augmentation<\/option><option value=\"Nose Reshaping\">Nose Reshaping<\/option><option value=\"Plastic Surgery\">Plastic Surgery<\/option><option value=\"Skin Deep Aesthetics\">Skin Deep Aesthetics<\/option><option value=\"Tummy Tuck Surgery\">Tummy Tuck Surgery<\/option><option value=\"Wrinkle Treatment\">Wrinkle Treatment<\/option><\/select><\/span>\n\t\t<\/p>\n\t<\/div>\n\t<div class=\"text-area\">\n\t\t<p><span class=\"wpcf7-form-control-wrap\" data-name=\"textarea\"><textarea cols=\"40\" rows=\"10\" maxlength=\"2000\" class=\"wpcf7-form-control wpcf7-textarea wpcf7-validates-as-required\" aria-required=\"true\" aria-invalid=\"false\" placeholder=\"How Can We Help You *\" name=\"textarea\"><\/textarea><\/span>\n\t\t<\/p>\n\t<\/div>\n\t<div class=\"submit-button\">\n\t\t<p><input class=\"wpcf7-form-control wpcf7-submit has-spinner\" type=\"submit\" value=\"Submit Now\" \/>\n\t\t<\/p>\n\t<\/div>\n<\/div><div class=\"wpcf7-response-output\" aria-hidden=\"true\"><\/div>\n<input type=\"hidden\" name=\"trp-form-language\" value=\"en\"\/><\/form>\n<\/div>\n<\/div>\n\t\t\t\t\t\t<\/div>\n\t\t\t\t<\/div>\n\t\t\t\t<\/div>\n\t\t\t\t\t<\/div>\n\t\t\t\t<\/div>\n\t\t<div class=\"elementor-element elementor-element-298ee42 e-con-full e-flex e-con e-parent\" data-id=\"298ee42\" data-element_type=\"container\" data-e-type=\"container\">\n\t\t\t\t<div class=\"elementor-element elementor-element-bcb737c elementor-align-left elementor-align-left elementor-widget elementor-widget-wdt-google-map\" data-id=\"bcb737c\" data-element_type=\"widget\" data-e-type=\"widget\" data-settings=\"{&quot;wdt_animation_effect&quot;:&quot;none&quot;}\" data-widget_type=\"wdt-google-map.default\">\n\t\t\t\t<div class=\"elementor-widget-container\">\n\t\t\t\t\t<div id=\"wdt-google-map-bcb737c\" class=\"wdt-google-map-wrapper\"><div class=\"wdt-google-map\" data-options=\"{&quot;mapTypeId&quot;:&quot;roadmap&quot;,&quot;zoom&quot;:11,&quot;streetViewControl&quot;:false,&quot;mapTypeControl&quot;:false,&quot;zoomControl&quot;:false,&quot;fullscreenControl&quot;:false,&quot;scaleControl&quot;:false,&quot;rotateControl&quot;:false,&quot;scrollwheel&quot;:false,&quot;draggable&quot;:true,&quot;styles&quot;:&quot;[\\n  {\\n    \\&quot;elementType\\&quot;: \\&quot;geometry\\&quot;,\\n    \\&quot;stylers\\&quot;: [\\n      { \\&quot;color\\&quot;: \\&quot;#f2efe6\\&quot; }\\n    ]\\n  },\\n  {\\n    \\&quot;elementType\\&quot;: \\&quot;labels.icon\\&quot;,\\n    \\&quot;stylers\\&quot;: [\\n      { \\&quot;visibility\\&quot;: \\&quot;off\\&quot; }\\n    ]\\n  },\\n  {\\n    \\&quot;elementType\\&quot;: \\&quot;labels.text.fill\\&quot;,\\n    \\&quot;stylers\\&quot;: [\\n      { \\&quot;color\\&quot;: \\&quot;#606b57\\&quot; }\\n    ]\\n  },\\n  {\\n    \\&quot;featureType\\&quot;: \\&quot;administrative\\&quot;,\\n    \\&quot;elementType\\&quot;: \\&quot;geometry\\&quot;,\\n    \\&quot;stylers\\&quot;: [\\n      { \\&quot;color\\&quot;: \\&quot;#606b57\\&quot; }\\n    ]\\n  },\\n  {\\n    \\&quot;featureType\\&quot;: \\&quot;administrative.locality\\&quot;,\\n    \\&quot;elementType\\&quot;: \\&quot;labels.text.fill\\&quot;,\\n    \\&quot;stylers\\&quot;: [\\n      { \\&quot;color\\&quot;: \\&quot;#606b57\\&quot; }\\n    ]\\n  },\\n  {\\n    \\&quot;featureType\\&quot;: \\&quot;poi\\&quot;,\\n    \\&quot;elementType\\&quot;: \\&quot;labels.text.fill\\&quot;,\\n    \\&quot;stylers\\&quot;: [\\n      { \\&quot;color\\&quot;: \\&quot;#606b57\\&quot; }\\n    ]\\n  },\\n  {\\n    \\&quot;featureType\\&quot;: \\&quot;poi.park\\&quot;,\\n    \\&quot;elementType\\&quot;: \\&quot;geometry\\&quot;,\\n    \\&quot;stylers\\&quot;: [\\n      { \\&quot;color\\&quot;: \\&quot;#e8e6dc\\&quot; }\\n    ]\\n  },\\n  {\\n    \\&quot;featureType\\&quot;: \\&quot;poi.park\\&quot;,\\n    \\&quot;elementType\\&quot;: \\&quot;labels.text.fill\\&quot;,\\n    \\&quot;stylers\\&quot;: [\\n      { \\&quot;color\\&quot;: \\&quot;#606b57\\&quot; }\\n    ]\\n  },\\n  {\\n    \\&quot;featureType\\&quot;: \\&quot;road\\&quot;,\\n    \\&quot;elementType\\&quot;: \\&quot;geometry.fill\\&quot;,\\n    \\&quot;stylers\\&quot;: [\\n      { \\&quot;color\\&quot;: \\&quot;#d9d6cd\\&quot; }\\n    ]\\n  },\\n  {\\n    \\&quot;featureType\\&quot;: \\&quot;road\\&quot;,\\n    \\&quot;elementType\\&quot;: \\&quot;geometry.stroke\\&quot;,\\n    \\&quot;stylers\\&quot;: [\\n      { \\&quot;color\\&quot;: \\&quot;#bfbcb4\\&quot; }\\n    ]\\n  },\\n  {\\n    \\&quot;featureType\\&quot;: \\&quot;road.local\\&quot;,\\n    \\&quot;elementType\\&quot;: \\&quot;geometry\\&quot;,\\n    \\&quot;stylers\\&quot;: [\\n      { \\&quot;color\\&quot;: \\&quot;#c8c5bc\\&quot; }\\n    ]\\n  },\\n  {\\n    \\&quot;featureType\\&quot;: \\&quot;road.local\\&quot;,\\n    \\&quot;elementType\\&quot;: \\&quot;geometry.stroke\\&quot;,\\n    \\&quot;stylers\\&quot;: [\\n      { \\&quot;color\\&quot;: \\&quot;#bbb8af\\&quot; }\\n    ]\\n  },\\n  {\\n    \\&quot;featureType\\&quot;: \\&quot;road\\&quot;,\\n    \\&quot;elementType\\&quot;: \\&quot;labels.text.fill\\&quot;,\\n    \\&quot;stylers\\&quot;: [\\n      { \\&quot;color\\&quot;: \\&quot;#606b57\\&quot; }\\n    ]\\n  },\\n  {\\n    \\&quot;featureType\\&quot;: \\&quot;road.highway\\&quot;,\\n    \\&quot;elementType\\&quot;: \\&quot;geometry\\&quot;,\\n    \\&quot;stylers\\&quot;: [\\n      { \\&quot;color\\&quot;: \\&quot;#c6c4ba\\&quot; }\\n    ]\\n  },\\n  {\\n    \\&quot;featureType\\&quot;: \\&quot;road.highway.controlled_access\\&quot;,\\n    \\&quot;elementType\\&quot;: \\&quot;geometry\\&quot;,\\n    \\&quot;stylers\\&quot;: [\\n      { \\&quot;color\\&quot;: \\&quot;#b7b4aa\\&quot; }\\n    ]\\n  },\\n  {\\n    \\&quot;featureType\\&quot;: \\&quot;transit\\&quot;,\\n    \\&quot;elementType\\&quot;: \\&quot;labels.text.fill\\&quot;,\\n    \\&quot;stylers\\&quot;: [\\n      { \\&quot;color\\&quot;: \\&quot;#606b57\\&quot; }\\n    ]\\n  },\\n  {\\n    \\&quot;featureType\\&quot;: \\&quot;water\\&quot;,\\n    \\&quot;elementType\\&quot;: \\&quot;geometry\\&quot;,\\n    \\&quot;stylers\\&quot;: [\\n      { \\&quot;color\\&quot;: \\&quot;#dfe6df\\&quot; }\\n    ]\\n  },\\n  {\\n    \\&quot;featureType\\&quot;: \\&quot;water\\&quot;,\\n    \\&quot;elementType\\&quot;: \\&quot;labels.text.fill\\&quot;,\\n    \\&quot;stylers\\&quot;: [\\n      { \\&quot;color\\&quot;: \\&quot;#606b57\\&quot; }\\n    ]\\n  }\\n]\\n&quot;,&quot;center&quot;:{&quot;lat&quot;:35.69389,&quot;lng&quot;:139.702443}}\" data-markers=\"[{&quot;key&quot;:&quot;796e094&quot;,&quot;latitude&quot;:&quot;35.693890&quot;,&quot;longitude&quot;:&quot;139.702443&quot;,&quot;title&quot;:&quot;Tokyo&quot;,&quot;desc&quot;:&quot;&lt;p&gt;&lt;img class=\\&quot;wp-image-279 alignleft\\&quot; src=\\&quot;https:\\\/\\\/berkerbuyukgural.com\\\/wp-content\\\/themes\\\/zarina\\\/ocdi\\\/uploads\\\/2025\\\/02\\\/location-marker.svg\\&quot; alt=\\&quot;\\&quot; width=\\&quot;20\\&quot; height=\\&quot;20\\&quot; \\\/&gt;No: 54 MN, Middle East\\u00a0 Street, Tokyo\\u00a0 - Japan&lt;\\\/p&gt;&lt;p&gt;&lt;img class=\\&quot;wp-image-122 alignleft\\&quot; src=\\&quot;https:\\\/\\\/berkerbuyukgural.com\\\/wp-content\\\/themes\\\/zarina\\\/ocdi\\\/uploads\\\/2025\\\/02\\\/Telephone-icon.svg\\&quot; alt=\\&quot;\\&quot; width=\\&quot;17\\&quot; height=\\&quot;17\\&quot; \\\/&gt;&lt;a href=\\&quot;tel:123000456789\\&quot;&gt;123-000-456-789&lt;\\\/a&gt;&lt;\\\/p&gt;&lt;p&gt;&lt;img class=\\&quot;wp-image-278 alignleft\\&quot; src=\\&quot;https:\\\/\\\/berkerbuyukgural.com\\\/wp-content\\\/themes\\\/zarina\\\/ocdi\\\/uploads\\\/2025\\\/02\\\/envelop-icon.svg\\&quot; alt=\\&quot;\\&quot; width=\\&quot;15\\&quot; height=\\&quot;15\\&quot; \\\/&gt;&lt;a href=\\&quot;mailto:info@gmail.com\\&quot;&gt;info@example.com&lt;\\\/a&gt;&lt;\\\/p&gt;&quot;,&quot;show_info_window&quot;:&quot;yes&quot;,&quot;load_info_window&quot;:&quot;click&quot;,&quot;marker_additional_details_type&quot;:&quot;default&quot;,&quot;marker_additional_details_default&quot;:&quot;&quot;,&quot;marker_additional_details_template&quot;:null}]\" data-marker-animation=\"soft-beat\" data-iw-max-width=\"240\"><\/div><\/div>\t\t\t\t<\/div>\n\t\t\t\t<\/div>\n\t\t\t\t<\/div>\n\t\t\t\t<\/div>","protected":false},"excerpt":{"rendered":"<p>\u0130LET\u0130\u015e\u0130M G\u00fczellik Hedeflerinizi Birlikte Planlayal\u0131m Estetik dan\u0131\u015fmanl\u0131k, randevu ve t\u00fcm sorular\u0131n\u0131z i\u00e7in bizimle ileti\u015fime ge\u00e7ebilirsiniz. Uzman ekibimiz, ihtiya\u00e7lar\u0131n\u0131za en uygun s\u00fcreci planlamak i\u00e7in size memnuniyetle destek olur. Adres Harbiye Mahallesi, Macka Street, Bronz Street, No: 1 Basari Apartment, K1 D5, 34367 Sisli \/ Istanbul Telefon +90(553)114 18 18 E-mail berkerest@gmail.com Bizimle \u0130leti\u015fime Ge\u00e7in<\/p>","protected":false},"author":1,"featured_media":0,"parent":0,"menu_order":0,"comment_status":"closed","ping_status":"closed","template":"elementor_header_footer","meta":{"footnotes":""},"class_list":["post-42","page","type-page","status-publish","hentry"],"_hostinger_reach_plugin_has_subscription_block":false,"_hostinger_reach_plugin_is_elementor":false,"_links":{"self":[{"href":"https:\/\/berkerbuyukgural.com\/en\/wp-json\/wp\/v2\/pages\/42","targetHints":{"allow":["GET"]}}],"collection":[{"href":"https:\/\/berkerbuyukgural.com\/en\/wp-json\/wp\/v2\/pages"}],"about":[{"href":"https:\/\/berkerbuyukgural.com\/en\/wp-json\/wp\/v2\/types\/page"}],"author":[{"embeddable":true,"href":"https:\/\/berkerbuyukgural.com\/en\/wp-json\/wp\/v2\/users\/1"}],"replies":[{"embeddable":true,"href":"https:\/\/berkerbuyukgural.com\/en\/wp-json\/wp\/v2\/comments?post=42"}],"version-history":[{"count":7,"href":"https:\/\/berkerbuyukgural.com\/en\/wp-json\/wp\/v2\/pages\/42\/revisions"}],"predecessor-version":[{"id":2437,"href":"https:\/\/berkerbuyukgural.com\/en\/wp-json\/wp\/v2\/pages\/42\/revisions\/2437"}],"wp:attachment":[{"href":"https:\/\/berkerbuyukgural.com\/en\/wp-json\/wp\/v2\/media?parent=42"}],"curies":[{"name":"wp","href":"https:\/\/api.w.org\/{rel}","templated":true}]}}